{"id":509,"date":"2026-01-09T20:01:09","date_gmt":"2026-01-09T19:01:09","guid":{"rendered":"https:\/\/www.govfactory.nl\/?page_id=509"},"modified":"2026-01-09T20:01:10","modified_gmt":"2026-01-09T19:01:10","slug":"avg","status":"publish","type":"page","link":"https:\/\/www.govfactory.nl\/?page_id=509","title":{"rendered":"AVG"},"content":{"rendered":"\n<p>Als verantwoordelijke in de zin van de Algemene Verordening Gegevensverwerking (AVG) ingegaan 25 mei<br>2018, verzamelt GOV.FACTORY hoogstwaarschijnlijk de door u verstrekte persoonlijke gegevens (cv-profiel en<br>belangstelling categorie\u00ebn vacatures). Deze worden gebruikt om uw belangstelling\/interesse te verwerken en u te<br>helpen om in contact te komen met (potenti\u00eble) vacaturehouders. Dit zodat u gekoppeld kan worden aan \u00e9\u00e9n of<br>meerdere vacatures.<br>Bij inschrijving:<br>\u2013 NAW gegevens, e-mail adres en andere contactgegevens, geboortegegevens, leeftijd en geslacht;<br>\u2013 Curriculum vitae (cv), informatie over opleiding, stages en werkervaring;<br>\u2013 Gegevens over trainingen en opleidingen en\/of testen die u zelf of via ons heeft gevolgd;<br>\u2013 Gegevens over beschikbaarheid en verlof;<br>\u2013 Andere gegevens die van belang (kunnen) zijn in het kader van de beoordeling van de geschiktheid van<br>de kandidaat, bijvoorbeeld referenties, getuigschriften en pasfoto op vrijwillige basis.<\/p>\n\n\n\n<p>Recht op inzage, verwijdering en anonimisering<br>U heeft ten alle tijden het recht om uw toestemming tot verwerking van uw persoonsgegevens in te trekken.<br>U hebt het recht uw gegevens op te vragen, aan te passen of te verwijderen. Hiervoor kunt u per mail een<br>verzoek indienen. Om er zeker van te zijn dat het verzoek door u zelf gedaan wordt, wordt verzocht een kopie van<br>uw identiteitsbewijs mee te sturen. Maak hierop uw pasfoto, Burgerservicenummer, paspoortnummer en de<br>strook met nummers onderaan zwart ter bescherming van uw identiteitsgegevens. Uw verzoek wordt zo snel<br>mogelijk in behandeling genomen.<br>Daarnaast hebt u het recht om een klacht in te dienen bij de nationale toezichthouder, de&nbsp;Autoriteit<br><strong>Persoonsgegevens.<\/strong><br><a href=\"https:\/\/autoriteitpersoonsgegevens.nl\/\">https:\/\/autoriteitpersoonsgegevens.nl\/<\/a><\/p>\n","protected":false},"excerpt":{"rendered":"<p>Als verantwoordelijke in de zin van de Algemene Verordening Gegevensverwerking (AVG) ingegaan 25 mei2018, verzamelt GOV.FACTORY hoogstwaarschijnlijk de door u verstrekte persoonlijke gegevens (cv-profiel enbelangstelling categorie\u00ebn vacatures). Deze worden gebruikt [&hellip;]<\/p>\n","protected":false},"author":2,"featured_media":0,"parent":0,"menu_order":0,"comment_status":"closed","ping_status":"closed","template":"","meta":{"footnotes":""},"class_list":["post-509","page","type-page","status-publish","czr-hentry"],"_links":{"self":[{"href":"https:\/\/www.govfactory.nl\/index.php?rest_route=\/wp\/v2\/pages\/509","targetHints":{"allow":["GET"]}}],"collection":[{"href":"https:\/\/www.govfactory.nl\/index.php?rest_route=\/wp\/v2\/pages"}],"about":[{"href":"https:\/\/www.govfactory.nl\/index.php?rest_route=\/wp\/v2\/types\/page"}],"author":[{"embeddable":true,"href":"https:\/\/www.govfactory.nl\/index.php?rest_route=\/wp\/v2\/users\/2"}],"replies":[{"embeddable":true,"href":"https:\/\/www.govfactory.nl\/index.php?rest_route=%2Fwp%2Fv2%2Fcomments&post=509"}],"version-history":[{"count":1,"href":"https:\/\/www.govfactory.nl\/index.php?rest_route=\/wp\/v2\/pages\/509\/revisions"}],"predecessor-version":[{"id":1350,"href":"https:\/\/www.govfactory.nl\/index.php?rest_route=\/wp\/v2\/pages\/509\/revisions\/1350"}],"wp:attachment":[{"href":"https:\/\/www.govfactory.nl\/index.php?rest_route=%2Fwp%2Fv2%2Fmedia&parent=509"}],"curies":[{"name":"wp","href":"https:\/\/api.w.org\/{rel}","templated":true}]}}